{"id":1004,"date":"2016-05-05T16:15:00","date_gmt":"2016-05-05T14:15:00","guid":{"rendered":"http:\/\/localhost\/citydentnew\/en\/?page_id=1004"},"modified":"2016-11-19T14:57:43","modified_gmt":"2016-11-19T12:57:43","slug":"media","status":"publish","type":"page","link":"https:\/\/citydent.ro\/en\/media\/","title":{"rendered":"Media"},"content":{"rendered":"[vc_row][vc_column][vc_empty_space height=&#8221;49px&#8221; el_class=&#8221;separator&#8221;][\/vc_column][\/vc_row][vc_row][vc_column][vc_custom_heading text=&#8221;CITYDENT IN MASS-MEDIA&#8221; font_container=&#8221;tag:h2|text_align:center&#8221; google_fonts=&#8221;font_family:PT%20Sans%3Aregular%2Citalic%2C700%2C700italic|font_style:400%20regular%3A400%3Anormal&#8221;][vc_column_text]\n<p style=\"text-align: center;\">The CityDent clinic, team and activity in written press articles and TV appearances.<\/p>\n[\/vc_column_text][\/vc_column][\/vc_row][vc_row][vc_column width=&#8221;2\/3&#8243;][vc_custom_heading text=&#8221;CITYDENT ON TV &#8221; google_fonts=&#8221;font_family:PT%20Sans%3Aregular%2Citalic%2C700%2C700italic|font_style:400%20regular%3A400%3Anormal&#8221; el_class=&#8221;blue-heading&#8221;][vc_row_inner][vc_column_inner][vc_custom_heading text=&#8221;Antena 1 &#8211; Neatza cu Razvan si Dani &#8211; Dental sealing, the modern method for cavity protection &#8211; October 2016&#8243; google_fonts=&#8221;font_family:PT%20Sans%3Aregular%2Citalic%2C700%2C700italic|font_style:400%20regular%3A400%3Anormal&#8221;][vc_column_text]\r\n\t<!-- Begin Video.js -->\r\n\t<video id=\"example_video_id_833421773\" class=\"video-js vjs-default-skin\" width=\"640\" height=\"264\" poster=\"https:\/\/citydent.ro\/wp-content\/uploads\/2016\/videos\/Antena-1-Neatza-Razvan-si-Dani-CityDent-sigilari-31-oct.png\" controls preload=\"none\" data-setup='[]'>\r\n\t\t<source src=\"https:\/\/citydent.ro\/wp-content\/uploads\/2016\/videos\/Antena-1-Neatza-Razvan-si-Dani-CityDent-sigilari-31-oct.mp4\" type='video\/mp4' \/>\r\n\t\t\r\n\t\t\r\n\t<\/video>\r\n\t<!-- End Video.js -->\r\n[\/vc_column_text][\/vc_column_inner][\/vc_row_inner][vc_row_inner][vc_column_inner width=&#8221;1\/3&#8243;][vc_single_image image=&#8221;1186&#8243; img_size=&#8221;full&#8221; onclick=&#8221;custom_link&#8221; img_link_target=&#8221;_blank&#8221; link=&#8221;http:\/\/m.click.ro\/video\/amalia-nastase-de-trei-ori-mamica&#8221;][\/vc_column_inner][vc_column_inner width=&#8221;2\/3&#8243;][vc_custom_heading text=&#8221;AMALIA N\u0102STASE, THREE TIMES A MOMMY &#8211; June 2016 &#8211; Click!&#8221; google_fonts=&#8221;font_family:PT%20Sans%3Aregular%2Citalic%2C700%2C700italic|font_style:400%20regular%3A400%3Anormal&#8221;][\/vc_column_inner][\/vc_row_inner][vc_row_inner][vc_column_inner width=&#8221;1\/3&#8243;][vc_single_image image=&#8221;606&#8243; img_size=&#8221;full&#8221; onclick=&#8221;custom_link&#8221; img_link_target=&#8221;_blank&#8221; link=&#8221;http:\/\/www.digi24.ro\/Media\/Emisiuni\/Digi24\/Digimatinal\/Tinerete+fara+Batranete\/Cand+ne+punem+fatete+dentare&#8221;][\/vc_column_inner][vc_column_inner width=&#8221;2\/3&#8243;][vc_custom_heading text=&#8221;Digi24 &#8211; &#8220;Tinere\u021be f\u0103r\u0103 b\u0103tr\u00e2ne\u021be&#8220; &#8211; May 2015&#8243; google_fonts=&#8221;font_family:PT%20Sans%3Aregular%2Citalic%2C700%2C700italic|font_style:400%20regular%3A400%3Anormal&#8221;][vc_column_text]When should we use dental facets.[\/vc_column_text][\/vc_column_inner][\/vc_row_inner][vc_row_inner][vc_column_inner width=&#8221;1\/3&#8243;][vc_single_image image=&#8221;586&#8243; img_size=&#8221;full&#8221; onclick=&#8221;custom_link&#8221; img_link_target=&#8221;_blank&#8221; link=&#8221;http:\/\/neatza.a1.ro\/&#8221;][\/vc_column_inner][vc_column_inner width=&#8221;2\/3&#8243;][vc_custom_heading text=&#8221;Antena 1 &#8211; How to have a perfect smile &#8211; 20 February 2014&#8243; google_fonts=&#8221;font_family:PT%20Sans%3Aregular%2Citalic%2C700%2C700italic|font_style:400%20regular%3A400%3Anormal&#8221;][vc_column_text]<span mce-data-marked=\"1\">Advice for a beautiful, healthy smile.<\/span>[\/vc_column_text][\/vc_column_inner][\/vc_row_inner][vc_row_inner][vc_column_inner][vc_custom_heading text=&#8221;Kanal D &#8211; Dental treatment for children &#8211; 2014&#8243; google_fonts=&#8221;font_family:PT%20Sans%3Aregular%2Citalic%2C700%2C700italic|font_style:400%20regular%3A400%3Anormal&#8221;][vc_column_text]\r\n\t<!-- Begin Video.js -->\r\n\t<video id=\"example_video_id_590093768\" class=\"video-js vjs-default-skin\" width=\"640\" height=\"264\" poster=\"https:\/\/citydent.ro\/wp-content\/uploads\/2016\/videos\/KanaldDtratamentecopii7oct.png\" controls preload=\"none\" data-setup='[]'>\r\n\t\t<source src=\"https:\/\/citydent.ro\/wp-content\/uploads\/2016\/videos\/KanaldDtratamentecopii7oct.mp4\" type='video\/mp4' \/>\r\n\t\t\r\n\t\t\r\n\t<\/video>\r\n\t<!-- End Video.js -->\r\n[\/vc_column_text][\/vc_column_inner][\/vc_row_inner][vc_row_inner][vc_column_inner][vc_custom_heading text=&#8221;Antena 1 &#8211; Acces direct &#8211; 2014&#8243; google_fonts=&#8221;font_family:PT%20Sans%3Aregular%2Citalic%2C700%2C700italic|font_style:400%20regular%3A400%3Anormal&#8221;][vc_column_text]\r\n\t<!-- Begin Video.js -->\r\n\t<video id=\"example_video_id_871209892\" class=\"video-js vjs-default-skin\" width=\"640\" height=\"264\" poster=\"https:\/\/citydent.ro\/wp-content\/uploads\/2016\/videos\/andreeabalanvideo.png\" controls preload=\"none\" data-setup='[]'>\r\n\t\t<source src=\"https:\/\/citydent.ro\/wp-content\/uploads\/2016\/videos\/andreeabalanvideo.mp4\" type='video\/mp4' \/>\r\n\t\t\r\n\t\t\r\n\t<\/video>\r\n\t<!-- End Video.js -->\r\n[\/vc_column_text][\/vc_column_inner][\/vc_row_inner][vc_row_inner][vc_column_inner][vc_custom_heading text=&#8221;Antena 1 &#8211; Observator &#8211; High-tech treatments &#8211; 2014&#8243; google_fonts=&#8221;font_family:PT%20Sans%3Aregular%2Citalic%2C700%2C700italic|font_style:400%20regular%3A400%3Anormal&#8221;][vc_column_text]\r\n\t<!-- Begin Video.js -->\r\n\t<video id=\"example_video_id_398047643\" class=\"video-js vjs-default-skin\" width=\"640\" height=\"264\" poster=\"https:\/\/citydent.ro\/wp-content\/uploads\/2016\/videos\/aparitieantena1_film2.png\" controls preload=\"none\" data-setup='[]'>\r\n\t\t<source src=\"https:\/\/citydent.ro\/wp-content\/uploads\/2016\/videos\/aparitieantena1_film2.mp4\" type='video\/mp4' \/>\r\n\t\t\r\n\t\t\r\n\t<\/video>\r\n\t<!-- End Video.js -->\r\n[\/vc_column_text][\/vc_column_inner][\/vc_row_inner][vc_row_inner][vc_column_inner][vc_custom_heading text=&#8221;Antena 1 &#8211; Observator &#8211; Perfect teeth &#8211; 2014&#8243; google_fonts=&#8221;font_family:PT%20Sans%3Aregular%2Citalic%2C700%2C700italic|font_style:400%20regular%3A400%3Anormal&#8221;][vc_column_text]\r\n\t<!-- Begin Video.js -->\r\n\t<video id=\"example_video_id_563866151\" class=\"video-js vjs-default-skin\" width=\"640\" height=\"264\" poster=\"https:\/\/citydent.ro\/wp-content\/uploads\/2016\/videos\/danturaperfecta.png\" controls preload=\"none\" data-setup='[]'>\r\n\t\t<source src=\"https:\/\/citydent.ro\/wp-content\/uploads\/2016\/videos\/danturaperfecta.mp4\" type='video\/mp4' \/>\r\n\t\t\r\n\t\t\r\n\t<\/video>\r\n\t<!-- End Video.js -->\r\n[\/vc_column_text][\/vc_column_inner][\/vc_row_inner][vc_row_inner][vc_column_inner][vc_custom_heading text=&#8221;Antena 1 &#8211; Observator &#8211; Dental seals for children &#8211; 2014&#8243; google_fonts=&#8221;font_family:PT%20Sans%3Aregular%2Citalic%2C700%2C700italic|font_style:400%20regular%3A400%3Anormal&#8221;][vc_column_text]\r\n\t<!-- Begin Video.js -->\r\n\t<video id=\"example_video_id_1661340221\" class=\"video-js vjs-default-skin\" width=\"640\" height=\"264\" poster=\"https:\/\/citydent.ro\/wp-content\/uploads\/2016\/videos\/sigilareadintilorcopii.png\" controls preload=\"none\" data-setup='[]'>\r\n\t\t<source src=\"https:\/\/citydent.ro\/wp-content\/uploads\/2016\/videos\/sigilareadintilorcopii.mp4\" type='video\/mp4' \/>\r\n\t\t\r\n\t\t\r\n\t<\/video>\r\n\t<!-- End Video.js -->\r\n[\/vc_column_text][\/vc_column_inner][\/vc_row_inner][vc_row_inner][vc_column_inner width=&#8221;1\/3&#8243;][vc_single_image image=&#8221;590&#8243; img_size=&#8221;full&#8221; onclick=&#8221;custom_link&#8221; img_link_target=&#8221;_blank&#8221; link=&#8221;http:\/\/www.primatv.ro\/stiri-focus\/diniti-albi-ca-zapada.html&#8221;][\/vc_column_inner][vc_column_inner width=&#8221;2\/3&#8243;][vc_custom_heading text=&#8221;Prima TV &#8211; Teeth as white as snow &#8211; 9 February 2013&#8243; google_fonts=&#8221;font_family:PT%20Sans%3Aregular%2Citalic%2C700%2C700italic|font_style:400%20regular%3A400%3Anormal&#8221;][vc_column_text]<span mce-data-marked=\"1\">What celebrities do for a shining smile.<\/span>[\/vc_column_text][\/vc_column_inner][\/vc_row_inner][vc_row_inner][vc_column_inner][vc_custom_heading text=&#8221;Antena 1 &#8211; Observator &#8211; Dental braces for a perfect smile &#8211; 2013&#8243; google_fonts=&#8221;font_family:PT%20Sans%3Aregular%2Citalic%2C700%2C700italic|font_style:400%20regular%3A400%3Anormal&#8221;][vc_column_text]\r\n\t<!-- Begin Video.js -->\r\n\t<video id=\"example_video_id_1910106524\" class=\"video-js vjs-default-skin\" width=\"640\" height=\"264\" poster=\"https:\/\/citydent.ro\/wp-content\/uploads\/2016\/videos\/aparatezambetfrumos.png\" controls preload=\"none\" data-setup='[]'>\r\n\t\t<source src=\"https:\/\/citydent.ro\/wp-content\/uploads\/2016\/videos\/aparatezambetfrumos.mp4\" type='video\/mp4' \/>\r\n\t\t\r\n\t\t\r\n\t<\/video>\r\n\t<!-- End Video.js -->\r\n[\/vc_column_text][\/vc_column_inner][\/vc_row_inner][vc_row_inner][vc_column_inner width=&#8221;1\/3&#8243;][vc_single_image image=&#8221;593&#8243; img_size=&#8221;full&#8221; onclick=&#8221;custom_link&#8221; img_link_target=&#8221;_blank&#8221; link=&#8221;http:\/\/stirileprotv.ro\/lbin\/video_embed.php?media_id=61381882&amp;section=86&amp;video_s&#8221;][\/vc_column_inner][vc_column_inner width=&#8221;2\/3&#8243;][vc_custom_heading text=&#8221;ProTV &#8211; &#8220;Ce se \u00eentampl\u0103 doctore?&#8220; &#8211; September 2013&#8243; google_fonts=&#8221;font_family:PT%20Sans%3Aregular%2Citalic%2C700%2C700italic|font_style:400%20regular%3A400%3Anormal&#8221;][vc_column_text]<span mce-data-marked=\"1\">Solutions for a healthy smile.<\/span>[\/vc_column_text][\/vc_column_inner][\/vc_row_inner][vc_row_inner][vc_column_inner][vc_custom_heading text=&#8221;Antena 1 &#8211; Observator &#8211; Health in instalments &#8211; 2013&#8243; google_fonts=&#8221;font_family:PT%20Sans%3Aregular%2Citalic%2C700%2C700italic|font_style:400%20regular%3A400%3Anormal&#8221;][vc_column_text]\r\n\t<!-- Begin Video.js -->\r\n\t<video id=\"example_video_id_1047803862\" class=\"video-js vjs-default-skin\" width=\"640\" height=\"264\" poster=\"https:\/\/citydent.ro\/wp-content\/uploads\/2016\/videos\/ofertarate.png\" controls preload=\"none\" data-setup='[]'>\r\n\t\t<source src=\"https:\/\/citydent.ro\/wp-content\/uploads\/2016\/videos\/ofertarate.mp4\" type='video\/mp4' \/>\r\n\t\t\r\n\t\t\r\n\t<\/video>\r\n\t<!-- End Video.js -->\r\n[\/vc_column_text][\/vc_column_inner][\/vc_row_inner][vc_row_inner][vc_column_inner width=&#8221;1\/3&#8243;][vc_single_image image=&#8221;583&#8243; img_size=&#8221;full&#8221; onclick=&#8221;custom_link&#8221; img_link_target=&#8221;_blank&#8221; link=&#8221;http:\/\/observator.tv\/social\/noile-aparate-din-cabinetele-medicale-fac-durerea-sa-dispara-18179.html&#8221;][\/vc_column_inner][vc_column_inner width=&#8221;2\/3&#8243;][vc_custom_heading text=&#8221;Antena 1 &#8211; &#8220;Observator&#8220; &#8211; 2013&#8243; google_fonts=&#8221;font_family:PT%20Sans%3Aregular%2Citalic%2C700%2C700italic|font_style:400%20regular%3A400%3Anormal&#8221;][vc_column_text]<span mce-data-marked=\"1\">The new tehnology in medical cabinets make the pain dissapear.<\/span>[\/vc_column_text][\/vc_column_inner][\/vc_row_inner][vc_row_inner][vc_column_inner width=&#8221;1\/3&#8243;][vc_single_image image=&#8221;587&#8243; img_size=&#8221;full&#8221; onclick=&#8221;custom_link&#8221; img_link_target=&#8221;_blank&#8221; link=&#8221;http:\/\/neatza.a1.ro\/&#8221;][\/vc_column_inner][vc_column_inner width=&#8221;2\/3&#8243;][vc_custom_heading text=&#8221;Antena 1 &#8211; &#8220;Neatza cu R\u0103zvan \u0219i Dani&#8220; &#8211; 5 November 2012&#8243; google_fonts=&#8221;font_family:PT%20Sans%3Aregular%2Citalic%2C700%2C700italic|font_style:400%20regular%3A400%3Anormal&#8221;][vc_column_text]<span>The importance of\u00a0baby teeth.<\/span>[\/vc_column_text][\/vc_column_inner][\/vc_row_inner][vc_row_inner][vc_column_inner][vc_custom_heading text=&#8221;Felicia &#8211; Antena 1 &#8211; 7 March 2009&#8243; google_fonts=&#8221;font_family:PT%20Sans%3Aregular%2Citalic%2C700%2C700italic|font_style:400%20regular%3A400%3Anormal&#8221;][vc_column_text]\r\n\t<!-- Begin Video.js -->\r\n\t<video id=\"example_video_id_846988433\" class=\"video-js vjs-default-skin\" width=\"640\" height=\"264\" poster=\"https:\/\/citydent.ro\/wp-content\/uploads\/2016\/videos\/felicia_07_03_2009.png\" controls preload=\"none\" data-setup='[]'>\r\n\t\t<source src=\"https:\/\/citydent.ro\/wp-content\/uploads\/2016\/videos\/felicia_07_03_2009.mp4\" type='video\/mp4' \/>\r\n\t\t\r\n\t\t\r\n\t<\/video>\r\n\t<!-- End Video.js -->\r\n[\/vc_column_text][\/vc_column_inner][\/vc_row_inner][vc_row_inner][vc_column_inner][vc_custom_heading text=&#8221;Felicia &#8211; Antena 1 &#8211; 14 February 2009&#8243; google_fonts=&#8221;font_family:PT%20Sans%3Aregular%2Citalic%2C700%2C700italic|font_style:400%20regular%3A400%3Anormal&#8221;][vc_column_text]\r\n\t<!-- Begin Video.js -->\r\n\t<video id=\"example_video_id_1043960297\" class=\"video-js vjs-default-skin\" width=\"640\" height=\"264\" poster=\"https:\/\/citydent.ro\/wp-content\/uploads\/2016\/videos\/felicia_14_02_2009.png\" controls preload=\"none\" data-setup='[]'>\r\n\t\t<source src=\"https:\/\/citydent.ro\/wp-content\/uploads\/2016\/videos\/felicia_14_02_2009.mp4\" type='video\/mp4' \/>\r\n\t\t\r\n\t\t\r\n\t<\/video>\r\n\t<!-- End Video.js -->\r\n[\/vc_column_text][\/vc_column_inner][\/vc_row_inner][\/vc_column][vc_column width=&#8221;1\/3&#8243;][vc_custom_heading text=&#8221;CITYDENT IN WRITTEN PRESS&#8221; google_fonts=&#8221;font_family:PT%20Sans%3Aregular%2Citalic%2C700%2C700italic|font_style:400%20regular%3A400%3Anormal&#8221; el_class=&#8221;blue-heading&#8221;][vc_masonry_media_grid element_width=&#8221;6&#8243; grid_id=&#8221;vc_gid:1479559769738-95a5da52fe281f80a72512523df62c12-0&#8243; include=&#8221;1880,1816,1793,1753,1734,1735,1726,1727,528,527,526,1127,1129,1130,1132,1133,1134,1135,1137,1138,1139,1140,1141,1142,1144,1145,1146,1147,1148,1149,1150,1190,1189,1188&#8243;][vc_empty_space height=&#8221;49px&#8221; el_class=&#8221;separator&#8221;][contact-form-7 404 \"Not Found\"][\/vc_column][\/vc_row]","protected":false},"excerpt":{"rendered":"<p>[vc_row][vc_column][vc_empty_space height=&#8221;49px&#8221; el_class=&#8221;separator&#8221;][\/vc_column][\/vc_row][vc_row][vc_column][vc_custom_heading text=&#8221;CITYDENT IN MASS-MEDIA&#8221; font_container=&#8221;tag:h2|text_align:center&#8221; google_fonts=&#8221;font_family:PT%20Sans%3Aregular%2Citalic%2C700%2C700italic|font_style:400%20regular%3A400%3Anormal&#8221;][vc_column_text] The CityDent clinic, team and activity in written press articles and TV appearances. [\/vc_column_text][\/vc_column][\/vc_row][vc_row][vc_column width=&#8221;2\/3&#8243;][vc_custom_heading text=&#8221;CITYDENT ON TV &#8221; google_fonts=&#8221;font_family:PT%20Sans%3Aregular%2Citalic%2C700%2C700italic|font_style:400%20regular%3A400%3Anormal&#8221; el_class=&#8221;blue-heading&#8221;][vc_row_inner][vc_column_inner][vc_custom_heading text=&#8221;Antena 1 &#8211; Neatza cu Razvan si Dani &#8211; Dental sealing, the modern method for cavity protection &#8211; October 2016&#8243; google_fonts=&#8221;font_family:PT%20Sans%3Aregular%2Citalic%2C700%2C700italic|font_style:400%20regular%3A400%3Anormal&#8221;][vc_column_text][\/vc_column_text][\/vc_column_inner][\/vc_row_inner][vc_row_inner][vc_column_inner width=&#8221;1\/3&#8243;][vc_single_image image=&#8221;1186&#8243; img_size=&#8221;full&#8221; onclick=&#8221;custom_link&#8221; img_link_target=&#8221;_blank&#8221; [&hellip;]<\/p>\n","protected":false},"author":1,"featured_media":4401,"parent":0,"menu_order":0,"comment_status":"closed","ping_status":"closed","template":"","meta":{"om_disable_all_campaigns":false},"aioseo_notices":[],"_links":{"self":[{"href":"https:\/\/citydent.ro\/en\/wp-json\/wp\/v2\/pages\/1004"}],"collection":[{"href":"https:\/\/citydent.ro\/en\/wp-json\/wp\/v2\/pages"}],"about":[{"href":"https:\/\/citydent.ro\/en\/wp-json\/wp\/v2\/types\/page"}],"author":[{"embeddable":true,"href":"https:\/\/citydent.ro\/en\/wp-json\/wp\/v2\/users\/1"}],"replies":[{"embeddable":true,"href":"https:\/\/citydent.ro\/en\/wp-json\/wp\/v2\/comments?post=1004"}],"version-history":[{"count":28,"href":"https:\/\/citydent.ro\/en\/wp-json\/wp\/v2\/pages\/1004\/revisions"}],"predecessor-version":[{"id":1886,"href":"https:\/\/citydent.ro\/en\/wp-json\/wp\/v2\/pages\/1004\/revisions\/1886"}],"wp:featuredmedia":[{"embeddable":true,"href":"https:\/\/citydent.ro\/en\/wp-json\/wp\/v2\/media\/4401"}],"wp:attachment":[{"href":"https:\/\/citydent.ro\/en\/wp-json\/wp\/v2\/media?parent=1004"}],"curies":[{"name":"wp","href":"https:\/\/api.w.org\/{rel}","templated":true}]}}