{"id":1066,"date":"2016-05-07T15:05:47","date_gmt":"2016-05-07T13:05:47","guid":{"rendered":"http:\/\/localhost\/citydentnew\/en\/?page_id=1066"},"modified":"2024-11-27T18:50:54","modified_gmt":"2024-11-27T16:50:54","slug":"home","status":"publish","type":"page","link":"https:\/\/citydent.ro\/en\/","title":{"rendered":"Home"},"content":{"rendered":"[vc_row css=&#8221;.vc_custom_1453986405741{margin-bottom: 0px !important;}&#8221;][vc_column]<div class=\"fullsize fullsize-background notopborder nobottomborder  message-borad\" style=\" background-repeat:no-repeat !important;  padding-top:60px !Important;  padding-bottom:60px !Important\">[vc_row_inner el_class=&#8221;container&#8221; css=&#8221;.vc_custom_1448965591932{margin-bottom: 0px !important;}&#8221;][vc_column_inner width=&#8221;1\/4&#8243;]<div class=\"section-header2 tblock-alter text-left   color-white\">\r\n\t\t\t\t<h5 class=\"tblock \" style=\"color: !important;\">About us<\/h5><\/div>[vc_column_text css=&#8221;.vc_custom_1453983046932{padding-right: 14px !important;}&#8221;]<span style=\"color: #ffffff;\">Established in 2001, CityDent is one of the first elite centers in Romania which combines with professionalism premium stomatological services and facial esthetics for the health and beauty of their clients smile and entire complexion.<\/span>\r\n\r\n&nbsp;\r\n\r\n<span style=\"color: #ffffff;\">CityDent approaches the beauty of teeth as a systematic process governed by clear rules of natural aesthetics, health, functionality and psychology. These rules create, through changes made within the dental anatomical and physiological spectrum, a positive influence on the overall aesthetics of a person\u2019s face and the personality in its totality.<\/span>[\/vc_column_text][\/vc_column_inner][vc_column_inner width=&#8221;1\/4&#8243; css=&#8221;.vc_custom_1454919128323{padding-bottom: 49px !important;}&#8221;]<div class=\"section-header2 tblock-alter text-left   color-white\">\r\n\t\t\t\t<h5 class=\"tblock \" style=\"color: !important;\">Working hours<\/h5><\/div>[vc_column_text]<span style=\"color: #ffffff;\">Monday \u00a0 \u00a0 \u00a0 \u00a0 \u00a0 \u00a0 \u00a0 10:00 &#8211; 21:00<\/span>\r\n\r\n<span style=\"color: #ffffff;\">Tuesday \u00a0 \u00a0 \u00a0 \u00a0 \u00a0 \u00a0 \u00a010:00 &#8211; 21:00<\/span>\r\n\r\n<span style=\"color: #ffffff;\">Wednesday \u00a0 \u00a0 \u00a0 \u00a0 10:00 &#8211; 21:00<\/span>\r\n\r\n<span style=\"color: #ffffff;\">Thursday \u00a0 \u00a0 \u00a0 \u00a0 \u00a0 \u00a0 10:00 &#8211; 21:00<\/span>\r\n\r\n<span style=\"color: #ffffff;\">Friday\u00a0 \u00a0 \u00a0 \u00a0 \u00a0 \u00a0 \u00a0 \u00a010:00 &#8211; 21:00<\/span>[\/vc_column_text]<div class=\"blank-spacer clearfix  despre-noi-divider-homepage\"  style=\"margin-bottom:25px !important; clear:both;\"><\/div><a href=\"https:\/\/citydent.ro\/en\/contact\/\"  class=\"btn  btn-border defaultsize btn-white    \">Contact<i class=\"fa fa-caret-right iconright\"><\/i><\/a>[\/vc_column_inner][vc_column_inner el_class=&#8221;appointments-form-homepage&#8221; width=&#8221;1\/2&#8243;][vc_column_text css=&#8221;.vc_custom_1448969433421{margin-bottom: 0px !important;}&#8221;]<div role=\"form\" class=\"wpcf7\" id=\"wpcf7-f3795-o2\" lang=\"ro-RO\" dir=\"ltr\">\n<div class=\"screen-reader-response\"><p role=\"status\" aria-live=\"polite\" aria-atomic=\"true\"><\/p> <ul><\/ul><\/div>\n<form action=\"\/en\/wp-json\/wp\/v2\/pages\/1066#wpcf7-f3795-o2\" method=\"post\" class=\"wpcf7-form init\" novalidate=\"novalidate\" data-status=\"init\">\n<div style=\"display: none;\">\n<input type=\"hidden\" name=\"_wpcf7\" value=\"3795\" \/>\n<input type=\"hidden\" name=\"_wpcf7_version\" value=\"5.6.1\" \/>\n<input type=\"hidden\" name=\"_wpcf7_locale\" value=\"ro_RO\" \/>\n<input type=\"hidden\" name=\"_wpcf7_unit_tag\" value=\"wpcf7-f3795-o2\" \/>\n<input type=\"hidden\" name=\"_wpcf7_container_post\" value=\"0\" \/>\n<input type=\"hidden\" name=\"_wpcf7_posted_data_hash\" value=\"\" \/>\n<input type=\"hidden\" name=\"_wpcf7_recaptcha_response\" value=\"\" \/>\n<\/div>\n<h3 id=\"form-title\"><img src=\"https:\/\/citydent.ro\/wp-content\/uploads\/2015\/12\/appoinment.png\" width=\"22\" height=\"18\" alt=\"appoinment\"> Programeaz\u0103-te:<\/h3>\n<div class=\"form-group col-xs-12 no-padding\">\n<span class=\"wpcf7-form-control-wrap\" data-name=\"text-424\"><input type=\"text\" name=\"text-424\" value=\"\" size=\"40\" class=\"wpcf7-form-control wpcf7-text wpcf7-validates-as-required form-control\" id=\"your-name\" aria-required=\"true\" aria-invalid=\"false\" placeholder=\"Nume \u0219i prenume\" \/><\/span>\n<\/div>\n<div class=\"form-group col-xs-12 no-padding\">\n<span class=\"wpcf7-form-control-wrap\" data-name=\"tel-352\"><input type=\"tel\" name=\"tel-352\" value=\"\" size=\"40\" class=\"wpcf7-form-control wpcf7-text wpcf7-tel wpcf7-validates-as-required wpcf7-validates-as-tel form-control\" id=\"tel\" aria-required=\"true\" aria-invalid=\"false\" placeholder=\"Telefon\" \/><\/span>\n<\/div>\n<div class=\"form-group col-xs-12 no-padding\">\n<span class=\"wpcf7-form-control-wrap\" data-name=\"email-398\"><input type=\"email\" name=\"email-398\" value=\"\" size=\"40\" class=\"wpcf7-form-control wpcf7-text wpcf7-email wpcf7-validates-as-required wpcf7-validates-as-email form-control\" id=\"email\" aria-required=\"true\" aria-invalid=\"false\" placeholder=\"Email\" \/><\/span>\n<\/div>\n<div class=\"form-group col-xs-12 no-padding\">\n<span class=\"wpcf7-form-control-wrap\" data-name=\"textarea-947\"><textarea name=\"textarea-947\" cols=\"40\" rows=\"4\" class=\"wpcf7-form-control wpcf7-textarea wpcf7-validates-as-required form-control\" id=\"textarea_message\" aria-required=\"true\" aria-invalid=\"false\" placeholder=\"Mesajul dumneavoastr\u0103...\"><\/textarea><\/span>\n<\/div>\n<div class=\"form-group col-xs-12 no-padding accept-terms\">\n<span class=\"wpcf7-form-control-wrap\" data-name=\"accept-this-1\"><span class=\"wpcf7-form-control wpcf7-acceptance\"><span class=\"wpcf7-list-item\"><label><input type=\"checkbox\" name=\"accept-this-1\" value=\"1\" aria-invalid=\"false\" \/><span class=\"wpcf7-list-item-label\">Consimt la prelucrarea \u0219i utilizarea datelor mele cu caracter personal, \u00een conformitate cu <a id=\"form-terms\" href=\"https:\/\/citydent.ro\/prelucrarea-si-utilizarea-datelor-cu-caracter-personal\" target=\"_blank\">politica societ\u0103\u021bii<\/a>.<\/span><\/label><\/span><\/span><\/span>\n<\/div>\n<div class=\"form-group col-xs-12 no-padding accept-terms google-recaptcha-terms\">\n<small>Acest formular este protejat de Google reCAPTCHA \u00een conformitate cu <a href=\"https:\/\/policies.google.com\/privacy\" target=\"_blank\">Politica de Confiden\u021bialitate<\/a> \u0219i <a href=\"https:\/\/policies.google.com\/terms\" target=\"_blank\">Termenii de Utilizare<\/a>.<br \/>\n<\/small>\n<\/div>\n<div class=\"form-group col-xs-12 no-padding send-group\">\n<input type=\"submit\" value=\"Trimite\" class=\"wpcf7-form-control has-spinner wpcf7-submit btn-submit pull-right\" id=\"btn_submit\" \/>\n<\/div>\n<div class=\"screen-reader-response\">\n<div role=\"status\"><\/div>\n<\/div>\n<input type='hidden' class='wpcf7-pum' value='{\"closepopup\":false,\"closedelay\":0,\"openpopup\":false,\"openpopup_id\":0}' \/><div class=\"wpcf7-response-output\" aria-hidden=\"true\"><\/div><\/form><\/div>[\/vc_column_text][\/vc_column_inner][\/vc_row_inner]<\/div>[\/vc_column][\/vc_row][vc_row css=&#8221;.vc_custom_1448967729926{margin-bottom: 0px !important;}&#8221;][vc_column width=&#8221;1\/3&#8243; el_class=&#8221;what-we-do-right&#8221;]\r\n<div class=\"what-we-do-block sblock1\">\r\n<img loading=\"lazy\" src=\"https:\/\/citydent.ro\/wp-content\/uploads\/2015\/12\/homepage-1.jpg\" alt=\"FRONT TEETH DEPARTMENT\" width=\"418\" height=\"217\" \/>\r\n<div class=\"what-we-do-block-content\">\r\n<i class=\"fa fa-smile-o\"><\/i>\r\n<h2><a href=\"https:\/\/citydent.ro\/en\/zirconia-dental-crowns\/\">FRONT TEETH DEPARTMENT<\/a><\/h2>\r\n<h4>The brightness of your smile in our hands<\/h4>\r\n<\/div>\r\n<\/div>\r\n<div class=\"what-we-do-block sblock1\">\r\n<img loading=\"lazy\" src=\"https:\/\/citydent.ro\/wp-content\/uploads\/2017\/10\/tratament-parodontal.jpg\" alt=\"PERIODONTAL TREATMENT\" width=\"418\" height=\"217\" \/>\r\n<div class=\"what-we-do-block-content\">\r\n<i class=\"fa fa-sun-o\"><\/i>\r\n<h2><a href=\"https:\/\/citydent.ro\/en\/periodontal-treatment\/\">PERIODONTAL TREATMENT<\/a><\/h2>\r\n<h4>Parodontal disease can be treated!<\/h4>\r\n<\/div>\r\n<\/div>\r\n<div class=\"what-we-do-block sblock1 \">\r\n<img loading=\"lazy\" src=\"https:\/\/citydent.ro\/wp-content\/uploads\/2015\/12\/homepage-3.jpg\" alt=\"FACIAL ESTHETICS\" width=\"418\" height=\"217\" \/>\r\n<div class=\"what-we-do-block-content\">\r\n<i class=\"fa fa-diamond\"><\/i>\r\n<h2><a href=\"https:\/\/citydent.ro\/en\/facial-esthetic\/\">FACIAL ESTHETICS<\/a><\/h2>\r\n<h4>A bright smile keeps you looking forever young<\/h4>\r\n<\/div>\r\n<\/div>\r\n[\/vc_column][vc_column width=&#8221;1\/3&#8243;]\r\n<div class=\"what-we-do-block sblock1\">\r\n<img loading=\"lazy\" src=\"https:\/\/citydent.ro\/wp-content\/uploads\/2015\/12\/microscop-dentar-mica.png\" alt=\"MICROSCOPE ENDODONTICS TREATMENT\" width=\"418\" height=\"217\" \/>\r\n<div class=\"what-we-do-block-content\">\r\n<i class=\"fa fa-crosshairs\"><\/i>\r\n<h2><a href=\"https:\/\/citydent.ro\/en\/microscope-endodontics-treatment\/\">MICROSCOPE ENDODONTICS TREATMENT<\/a><\/h2>\r\n<h4>The health of your teeth is in our care<\/h4>\r\n<\/div>\r\n<\/div>\r\n<div class=\"what-we-do-block sblock1 what-we-do-static-block\">\r\n<img loading=\"lazy\" src=\"https:\/\/citydent.ro\/wp-content\/uploads\/2015\/12\/servicii.png\" alt=\"\" width=\"418\" height=\"217\" \/>\r\n<div class=\"what-we-do-block-content\">\r\n<i class=\"fa\"><\/i>\r\n<h2><\/h2>\r\n<\/div>\r\n<\/div>\r\n<div class=\"what-we-do-block sblock1\">\r\n<img loading=\"lazy\" src=\"https:\/\/citydent.ro\/wp-content\/uploads\/2015\/12\/poza-servicii-2.png\" alt=\"High-Tech Treatments\" width=\"418\" height=\"217\"\/>\r\n<div class=\"what-we-do-block-content\">\r\n<i class=\"fa fa-desktop\"><\/i>\r\n<h2><a href=\"https:\/\/citydent.ro\/en\/high-tech-treatments\/\">High-Tech Treatments<\/a><\/h2>\r\n<h4>CityDents services and technology<\/h4>\r\n<\/div>\r\n<\/div>\r\n[\/vc_column][vc_column width=&#8221;1\/3&#8243;]\r\n<div class=\"what-we-do-block sblock1\"><img loading=\"lazy\" src=\"https:\/\/citydent.ro\/wp-content\/uploads\/2015\/12\/homepage.jpg\" alt=\"DENTAL BRACES\" width=\"418\" height=\"217\" \/>\r\n<div class=\"what-we-do-block-content\"><i class=\"fa fa-thumbs-o-up\"><\/i>\r\n<h2><a href=\"https:\/\/citydent.ro\/en\/dental-braces\/\">DENTAL BRACES<\/a><\/h2>\r\n<h4>Your smile is enviable perfection<\/h4>\r\n<\/div>\r\n<\/div>\r\n<div class=\"what-we-do-block sblock1\"><img loading=\"lazy\" src=\"https:\/\/citydent.ro\/wp-content\/uploads\/2015\/12\/homepage-2.jpg\" alt=\"Financing and prices\" width=\"418\" height=\"217\" \/>\r\n<div class=\"what-we-do-block-content\"><i class=\"fa fa-life-ring\"><\/i>\r\n<h2><a href=\"https:\/\/citydent.ro\/en\/financing\/\">Financing and prices<\/a><\/h2>\r\n<h4>The health and beauty of your smile cannot be delayed<\/h4>\r\n<\/div>\r\n<\/div>\r\n<div class=\"what-we-do-block sblock1\"><img loading=\"lazy\" src=\"https:\/\/citydent.ro\/wp-content\/uploads\/2015\/12\/poza-citydent-kids.png\" alt=\"CityDent Kids\" width=\"418\" height=\"217\" \/>\r\n<div class=\"what-we-do-block-content\"><i class=\"fa fa-child\"><\/i>\r\n<h2><a href=\"https:\/\/citydent.ro\/en\/treatment-for-children\/\">CityDent Kids<\/a><\/h2>\r\n<h4>The big world of dental hygiene just for the little ones<\/h4>\r\n<\/div>\r\n<\/div>\r\n[\/vc_column][\/vc_row][vc_row newlayout=&#8221;Fixed&#8221; css=&#8221;.vc_custom_1448971776136{margin-bottom: 0px !important;}&#8221; el_class=&#8221;text-center team-section&#8221;][vc_column]<div class=\"section-header tblock-default text-center fccecd  \">\r\n\t\t\t\t<h3 class=\"tblock \" style=\"color: !important;\">Meet the CityDent team!<\/h3><\/div><div class=\"blank-spacer clearfix  separator\"  style=\"margin-bottom:7px !important; clear:both;\"><\/div><a href=\"https:\/\/citydent.ro\/en\/our-team\/\"  class=\"btn  btn-border defaultsize btn-default    \">Learn more about our team!<\/a>\u00a0\u00a0\u00a0\u00a0<a href=\"https:\/\/citydent.ro\/en\/interviews-with-our-doctors\/\"  class=\"btn  btn-border defaultsize btn-default    \">Interviews with our doctors<\/a><div class=\"blank-spacer clearfix  separator\"  style=\"margin-bottom:28px !important; clear:both;\"><\/div>\r\n\r\n\r\n<!--Carousel-->\r\n<div id=\"conent-slider-64061\" class=\"content-slider  owl-carousel \">\r\n\t\t\t\t\t\t<div class=\"col-md-12\"><div class=\"item\"><div class=\"team-type team-shortcode team  \">\r\n\t\t\t\t\t\t<img src=\"https:\/\/citydent.ro\/wp-content\/uploads\/2023\/10\/dr-rodica-ghionea.jpg\" alt=\"Dr. Rodica Ghionea\" width=\"413\" height=\"550\" \/>\r\n\t\t\t\t\t\t<div class=\"member-content\">\r\n\t\t\t\t\t\t\t<div class=\"member-name\">\r\n\t\t\t\t\t\t\t\t<h6>Dr. Rodica Ghionea<\/h6>\r\n\t\t\t\t\t\t\t\t<p>Dental Specialist<\/p>\r\n\t\t\t\t\t\t\t<\/div>\r\n\t\t\t\t\t\t\t<div class=\"member-contact\"><a href=\"tel:0740621090\" class=\"cont\"><i class=\"fa fa-phone\"><\/i><\/a><a href=\"mailto:office@citydent.ro\" class=\"cont\"><i class=\"fa fa-envelope-o\"><\/i><\/a>\t<\/div>\r\n\t\t\t\t\t\t<\/div>\r\n\t\t\t\t\t<\/div><\/div><\/div>\n<div class=\"col-md-12\"><div class=\"item\"><div class=\"team-type team-shortcode team  \">\r\n\t\t\t\t\t\t<img src=\"https:\/\/citydent.ro\/wp-content\/uploads\/2024\/11\/Alexandru-Petre.jpg\" alt=\"Dr. Alexandru Petre\" width=\"413\" height=\"550\" \/>\r\n\t\t\t\t\t\t<div class=\"member-content\">\r\n\t\t\t\t\t\t\t<div class=\"member-name\">\r\n\t\t\t\t\t\t\t\t<h6>Dr. Alexandru Petre<\/h6>\r\n\t\t\t\t\t\t\t\t<p>Dental Specialist<\/p>\r\n\t\t\t\t\t\t\t<\/div>\r\n\t\t\t\t\t\t\t<div class=\"member-contact\"><a href=\"tel:0740621090\" class=\"cont\"><i class=\"fa fa-phone\"><\/i><\/a><a href=\"mailto:office@citydent.ro\" class=\"cont\"><i class=\"fa fa-envelope-o\"><\/i><\/a>\t<\/div>\r\n\t\t\t\t\t\t<\/div>\r\n\t\t\t\t\t<\/div><\/div><\/div>\n<div class=\"col-md-12\"><div class=\"item\"><div class=\"team-type team-shortcode team  \">\r\n\t\t\t\t\t\t<img src=\"https:\/\/citydent.ro\/wp-content\/uploads\/2023\/08\/Victor-Ghita.webp\" alt=\"Dr. Victor Ghi\u021b\u0103\" width=\"413\" height=\"550\" \/>\r\n\t\t\t\t\t\t<div class=\"member-content\">\r\n\t\t\t\t\t\t\t<div class=\"member-name\">\r\n\t\t\t\t\t\t\t\t<h6>Dr. Victor Ghi\u021b\u0103<\/h6>\r\n\t\t\t\t\t\t\t\t<p>Dental Specialist<\/p>\r\n\t\t\t\t\t\t\t<\/div>\r\n\t\t\t\t\t\t\t<div class=\"member-contact\"><a href=\"tel:0740621090\" class=\"cont\"><i class=\"fa fa-phone\"><\/i><\/a><a href=\"mailto:office@citydent.ro\" class=\"cont\"><i class=\"fa fa-envelope-o\"><\/i><\/a>\t<\/div>\r\n\t\t\t\t\t\t<\/div>\r\n\t\t\t\t\t<\/div><\/div><\/div>\n<div class=\"col-md-12\"><div class=\"item\"><div class=\"team-type team-shortcode team  \">\r\n\t\t\t\t\t\t<img src=\"https:\/\/citydent.ro\/wp-content\/uploads\/2018\/09\/Dr.-Marina-Petre-Constantinescu-1.jpg\" alt=\"Dr. Marina Petre\" width=\"360\" height=\"479\" \/>\r\n\t\t\t\t\t\t<div class=\"member-content\">\r\n\t\t\t\t\t\t\t<div class=\"member-name\">\r\n\t\t\t\t\t\t\t\t<h6>Dr. Marina Petre<\/h6>\r\n\t\t\t\t\t\t\t\t<p>Medic Specialist Stomatologie General\u0103, Medic Protetician Tehnic\u0103 Scanare Digital\u0103<\/p>\r\n\t\t\t\t\t\t\t<\/div>\r\n\t\t\t\t\t\t\t<div class=\"member-contact\"><a href=\"tel:0740621090\" class=\"cont\"><i class=\"fa fa-phone\"><\/i><\/a><a href=\"mailto:office@citydent.ro\" class=\"cont\"><i class=\"fa fa-envelope-o\"><\/i><\/a>\t<\/div>\r\n\t\t\t\t\t\t<\/div>\r\n\t\t\t\t\t<\/div><\/div><\/div>\n<div class=\"col-md-12\"><div class=\"item\"><div class=\"team-type team-shortcode team  \">\r\n\t\t\t\t\t\t<img src=\"https:\/\/citydent.ro\/wp-content\/uploads\/2015\/12\/dr.-tudor-vaideanu.jpg\" alt=\"Dr. Tudor Vaideanu\" width=\"413\" height=\"550\" \/>\r\n\t\t\t\t\t\t<div class=\"member-content\">\r\n\t\t\t\t\t\t\t<div class=\"member-name\">\r\n\t\t\t\t\t\t\t\t<h6>Dr. Tudor Vaideanu<\/h6>\r\n\t\t\t\t\t\t\t\t<p>Dental Specialist<\/p>\r\n\t\t\t\t\t\t\t<\/div>\r\n\t\t\t\t\t\t\t<div class=\"member-contact\"><a href=\"tel:0740621090\" class=\"cont\"><i class=\"fa fa-phone\"><\/i><\/a><a href=\"mailto:office@citydent.ro\" class=\"cont\"><i class=\"fa fa-envelope-o\"><\/i><\/a>\t<\/div>\r\n\t\t\t\t\t\t<\/div>\r\n\t\t\t\t\t<\/div><\/div><\/div>\n<div class=\"col-md-12\"><div class=\"item\"><div class=\"team-type team-shortcode team  \">\r\n\t\t\t\t\t\t<img src=\"https:\/\/citydent.ro\/wp-content\/uploads\/2023\/08\/Stefania-Chendea.webp\" alt=\"Dr. \u0218tefania Chendea\" width=\"413\" height=\"550\" \/>\r\n\t\t\t\t\t\t<div class=\"member-content\">\r\n\t\t\t\t\t\t\t<div class=\"member-name\">\r\n\t\t\t\t\t\t\t\t<h6>Dr. \u0218tefania Chendea<\/h6>\r\n\t\t\t\t\t\t\t\t<p>Dental Specialist<\/p>\r\n\t\t\t\t\t\t\t<\/div>\r\n\t\t\t\t\t\t\t<div class=\"member-contact\"><a href=\"tel:0740621090\" class=\"cont\"><i class=\"fa fa-phone\"><\/i><\/a><a href=\"mailto:office@citydent.ro\" class=\"cont\"><i class=\"fa fa-envelope-o\"><\/i><\/a>\t<\/div>\r\n\t\t\t\t\t\t<\/div>\r\n\t\t\t\t\t<\/div><\/div><\/div>\n<div class=\"col-md-12\"><div class=\"item\"><div class=\"team-type team-shortcode team  \">\r\n\t\t\t\t\t\t<img src=\"https:\/\/citydent.ro\/wp-content\/uploads\/2023\/08\/Vlad-Radu.webp\" alt=\"Dr. Vlad Radu\" width=\"413\" height=\"550\" \/>\r\n\t\t\t\t\t\t<div class=\"member-content\">\r\n\t\t\t\t\t\t\t<div class=\"member-name\">\r\n\t\t\t\t\t\t\t\t<h6>Dr. Vlad Radu<\/h6>\r\n\t\t\t\t\t\t\t\t<p>Medic Dentist<\/p>\r\n\t\t\t\t\t\t\t<\/div>\r\n\t\t\t\t\t\t\t<div class=\"member-contact\"><a href=\"tel:0740621090\" class=\"cont\"><i class=\"fa fa-phone\"><\/i><\/a><a href=\"mailto:office@citydent.ro\" class=\"cont\"><i class=\"fa fa-envelope-o\"><\/i><\/a>\t<\/div>\r\n\t\t\t\t\t\t<\/div>\r\n\t\t\t\t\t<\/div><\/div><\/div>\n<div class=\"col-md-12\"><div class=\"item\"><div class=\"team-type team-shortcode team  \">\r\n\t\t\t\t\t\t<img src=\"https:\/\/citydent.ro\/wp-content\/uploads\/2023\/08\/Fabian-Dragonu.webp\" alt=\"Dr. Fabian Dragonu\" width=\"413\" height=\"550\" \/>\r\n\t\t\t\t\t\t<div class=\"member-content\">\r\n\t\t\t\t\t\t\t<div class=\"member-name\">\r\n\t\t\t\t\t\t\t\t<h6>Dr. Fabian Dragonu<\/h6>\r\n\t\t\t\t\t\t\t\t<p>Dental Specialist<\/p>\r\n\t\t\t\t\t\t\t<\/div>\r\n\t\t\t\t\t\t\t<div class=\"member-contact\"><a href=\"tel:0740621090\" class=\"cont\"><i class=\"fa fa-phone\"><\/i><\/a><a href=\"mailto:office@citydent.ro\" class=\"cont\"><i class=\"fa fa-envelope-o\"><\/i><\/a>\t<\/div>\r\n\t\t\t\t\t\t<\/div>\r\n\t\t\t\t\t<\/div><\/div><\/div>\n<div class=\"col-md-12\"><div class=\"item\"><div class=\"team-type team-shortcode team  \">\r\n\t\t\t\t\t\t<img src=\"https:\/\/citydent.ro\/wp-content\/uploads\/2023\/08\/Raluca-Grigore.webp\" alt=\"Dr. Raluca Grigore\" width=\"413\" height=\"550\" \/>\r\n\t\t\t\t\t\t<div class=\"member-content\">\r\n\t\t\t\t\t\t\t<div class=\"member-name\">\r\n\t\t\t\t\t\t\t\t<h6>Dr. Raluca Grigore<\/h6>\r\n\t\t\t\t\t\t\t\t<p>Medic Specialist Ortodont<\/p>\r\n\t\t\t\t\t\t\t<\/div>\r\n\t\t\t\t\t\t\t<div class=\"member-contact\"><a href=\"tel:0740621090\" class=\"cont\"><i class=\"fa fa-phone\"><\/i><\/a><a href=\"mailto:office@citydent.ro\" class=\"cont\"><i class=\"fa fa-envelope-o\"><\/i><\/a>\t<\/div>\r\n\t\t\t\t\t\t<\/div>\r\n\t\t\t\t\t<\/div><\/div><\/div>\n<div class=\"col-md-12\"><div class=\"item\"><div class=\"team-type team-shortcode team  \">\r\n\t\t\t\t\t\t<img src=\"https:\/\/citydent.ro\/wp-content\/uploads\/2022\/10\/dr-maria-nicoara.webp\" alt=\"Dr. Maria Nicoar\u0103\" width=\"413\" height=\"550\" \/>\r\n\t\t\t\t\t\t<div class=\"member-content\">\r\n\t\t\t\t\t\t\t<div class=\"member-name\">\r\n\t\t\t\t\t\t\t\t<h6>Dr. Maria Nicoar\u0103<\/h6>\r\n\t\t\t\t\t\t\t\t<p>Medic Pedodont<\/p>\r\n\t\t\t\t\t\t\t<\/div>\r\n\t\t\t\t\t\t\t<div class=\"member-contact\"><a href=\"tel:0740621090\" class=\"cont\"><i class=\"fa fa-phone\"><\/i><\/a><a href=\"mailto:office@citydent.ro\" class=\"cont\"><i class=\"fa fa-envelope-o\"><\/i><\/a>\t<\/div>\r\n\t\t\t\t\t\t<\/div>\r\n\t\t\t\t\t<\/div><\/div><\/div>\n<div class=\"col-md-12\"><div class=\"item\"><div class=\"team-type team-shortcode team  \">\r\n\t\t\t\t\t\t<img src=\"https:\/\/citydent.ro\/wp-content\/uploads\/2023\/08\/Romanita-Dumitru.webp\" alt=\"Dr. Romani\u021ba Dumitru\" width=\"413\" height=\"550\" \/>\r\n\t\t\t\t\t\t<div class=\"member-content\">\r\n\t\t\t\t\t\t\t<div class=\"member-name\">\r\n\t\t\t\t\t\t\t\t<h6>Dr. Romani\u021ba Dumitru<\/h6>\r\n\t\t\t\t\t\t\t\t<p>Medic Specialist Stomatologie General\u0103, Chirurg \u0219i Implantolog<\/p>\r\n\t\t\t\t\t\t\t<\/div>\r\n\t\t\t\t\t\t\t<div class=\"member-contact\"><a href=\"tel:0740621090\" class=\"cont\"><i class=\"fa fa-phone\"><\/i><\/a><a href=\"mailto:office@citydent.ro\" class=\"cont\"><i class=\"fa fa-envelope-o\"><\/i><\/a>\t<\/div>\r\n\t\t\t\t\t\t<\/div>\r\n\t\t\t\t\t<\/div><\/div><\/div>\n<div class=\"col-md-12\"><div class=\"item\"><div class=\"team-type team-shortcode team  \">\r\n\t\t\t\t\t\t<img src=\"https:\/\/citydent.ro\/wp-content\/uploads\/2023\/08\/Rita-Galbau.webp\" alt=\"Dr. Rita Galbau\" width=\"413\" height=\"550\" \/>\r\n\t\t\t\t\t\t<div class=\"member-content\">\r\n\t\t\t\t\t\t\t<div class=\"member-name\">\r\n\t\t\t\t\t\t\t\t<h6>Dr. Rita Galbau<\/h6>\r\n\t\t\t\t\t\t\t\t<p>Medic Dentist<\/p>\r\n\t\t\t\t\t\t\t<\/div>\r\n\t\t\t\t\t\t\t<div class=\"member-contact\"><a href=\"tel:0740621090\" class=\"cont\"><i class=\"fa fa-phone\"><\/i><\/a><a href=\"mailto:office@citydent.ro\" class=\"cont\"><i class=\"fa fa-envelope-o\"><\/i><\/a>\t<\/div>\r\n\t\t\t\t\t\t<\/div>\r\n\t\t\t\t\t<\/div><\/div><\/div>\n<div class=\"col-md-12\"><div class=\"item\"><div class=\"team-type team-shortcode team  \">\r\n\t\t\t\t\t\t<img src=\"https:\/\/citydent.ro\/wp-content\/uploads\/2022\/10\/Dr-Andra-Trusca.webp\" alt=\"Dr. Andra Tru\u0219c\u0103\" width=\"413\" height=\"550\" \/>\r\n\t\t\t\t\t\t<div class=\"member-content\">\r\n\t\t\t\t\t\t\t<div class=\"member-name\">\r\n\t\t\t\t\t\t\t\t<h6>Dr. Andra Tru\u0219c\u0103<\/h6>\r\n\t\t\t\t\t\t\t\t<p>Medic Chirurg<\/p>\r\n\t\t\t\t\t\t\t<\/div>\r\n\t\t\t\t\t\t\t<div class=\"member-contact\"><a href=\"tel:0740621090\" class=\"cont\"><i class=\"fa fa-phone\"><\/i><\/a><a href=\"mailto:office@citydent.ro\" class=\"cont\"><i class=\"fa fa-envelope-o\"><\/i><\/a>\t<\/div>\r\n\t\t\t\t\t\t<\/div>\r\n\t\t\t\t\t<\/div><\/div><\/div>\n<div class=\"col-md-12\"><div class=\"item\"><div class=\"team-type team-shortcode team  \">\r\n\t\t\t\t\t\t<img src=\"https:\/\/citydent.ro\/wp-content\/uploads\/2024\/04\/dr-eduard-toroiman.webp\" alt=\"Dr. Eduard Toroiman\" width=\"413\" height=\"550\" \/>\r\n\t\t\t\t\t\t<div class=\"member-content\">\r\n\t\t\t\t\t\t\t<div class=\"member-name\">\r\n\t\t\t\t\t\t\t\t<h6>Dr. Eduard Toroiman<\/h6>\r\n\t\t\t\t\t\t\t\t<p>Medic Dentist<\/p>\r\n\t\t\t\t\t\t\t<\/div>\r\n\t\t\t\t\t\t\t<div class=\"member-contact\"><a href=\"tel:0740621090\" class=\"cont\"><i class=\"fa fa-phone\"><\/i><\/a><a href=\"mailto:office@citydent.ro\" class=\"cont\"><i class=\"fa fa-envelope-o\"><\/i><\/a>\t<\/div>\r\n\t\t\t\t\t\t<\/div>\r\n\t\t\t\t\t<\/div><\/div><\/div>\r\n\t\t\t\t\t<\/div><script type=\"text\/javascript\">\r\n\t\t\t\tjQuery(document).ready(function(){\r\n\t\t\t\t\tjQuery(\"#conent-slider-64061\").owlCarousel({\r\n\t\t\t\t\t\trtl\t:false,\r\n\t\t\t\t\t\t\t\tnav : true, \/\/ Show next and prev buttons\r\n\t\t\t\t\t\t\t\tdots:false,\r\n\t\t\t\t\t\t\t\titems : 3,\r\n\t\t\t\t\t\t\t\tautoplay: false,\r\n\t\t\t\t\t\t\t\tautoplayTimeout:4000,\r\n\t\t\t\t\t\t\t\tloop:true,\r\n\t\t\t\t\t\t\t\tmargin:0,\r\n\t\t\t\t\t\t\t\tresponsiveClass:true,\r\n\t\t\t\t\t\t\t\tresponsive:{\r\n\t\t\t\t\t\t\t\t\t0:{\r\n\t\t\t\t\t\t\t\t\t\titems:1,\r\n\t\t\t\t\t\t\t\t\t},\r\n\t\t\t\t\t\t\t\t\t600:{\r\n\t\t\t\t\t\t\t\t\t\titems:2,\r\n\t\t\t\t\t\t\t\t\t},\r\n\t\t\t\t\t\t\t\t\t1000:{\r\n\t\t\t\t\t\t\t\t\t\titems:3,\r\n\t\t\t\t\t\t\t\t\t}\r\n\t\t\t\t\t\t\t\t}\r\n\t\t\t\t\t});})\r\n\t\t\t<\/script><span class=\"hide-on-mobile\"><div class=\"blank-spacer clearfix  separator\"  style=\"margin-bottom:28px !important; clear:both;\"><\/div><a href=\"https:\/\/citydent.ro\/echipa\/\"  class=\"btn  btn-border defaultsize btn-default    \">Afl\u0103 mai multe despre echip\u0103<\/a>\u00a0\u00a0\u00a0\u00a0<a href=\"https:\/\/citydent.ro\/medicii-va-vorbesc\/\"  class=\"btn  btn-border defaultsize btn-default    \">Medicii v\u0103 vorbesc<\/a><\/span>[\/vc_column][\/vc_row]\r\n\r\n\r\n<div class=\"blank-spacer clearfix  separator\"  style=\"margin-bottom:28px !important; clear:both;\"><\/div><a href=\"https:\/\/citydent.ro\/en\/our-team\/\"  class=\"btn  btn-border defaultsize btn-default    \">Learn more about our team!<\/a>\u00a0\u00a0\u00a0\u00a0<a href=\"https:\/\/citydent.ro\/en\/interviews-with-our-doctors\/\"  class=\"btn  btn-border defaultsize btn-default    \">Interviews with our doctors<\/a>[\/vc_column][\/vc_row]","protected":false},"excerpt":{"rendered":"<p>[vc_row css=&#8221;.vc_custom_1453986405741{margin-bottom: 0px !important;}&#8221;][vc_column][\/vc_column][\/vc_row][vc_row css=&#8221;.vc_custom_1448967729926{margin-bottom: 0px !important;}&#8221;][vc_column width=&#8221;1\/3&#8243; el_class=&#8221;what-we-do-right&#8221;] FRONT TEETH DEPARTMENT The brightness of your smile in our hands PERIODONTAL TREATMENT Parodontal disease can be treated! FACIAL ESTHETICS A bright smile keeps you looking forever young [\/vc_column][vc_column width=&#8221;1\/3&#8243;] MICROSCOPE ENDODONTICS TREATMENT The health of your teeth is in our care High-Tech Treatments CityDents services [&hellip;]<\/p>\n","protected":false},"author":1,"featured_media":0,"parent":0,"menu_order":0,"comment_status":"closed","ping_status":"closed","template":"homepage-template.php","meta":{"om_disable_all_campaigns":false},"aioseo_notices":[],"_links":{"self":[{"href":"https:\/\/citydent.ro\/en\/wp-json\/wp\/v2\/pages\/1066"}],"collection":[{"href":"https:\/\/citydent.ro\/en\/wp-json\/wp\/v2\/pages"}],"about":[{"href":"https:\/\/citydent.ro\/en\/wp-json\/wp\/v2\/types\/page"}],"author":[{"embeddable":true,"href":"https:\/\/citydent.ro\/en\/wp-json\/wp\/v2\/users\/1"}],"replies":[{"embeddable":true,"href":"https:\/\/citydent.ro\/en\/wp-json\/wp\/v2\/comments?post=1066"}],"version-history":[{"count":25,"href":"https:\/\/citydent.ro\/en\/wp-json\/wp\/v2\/pages\/1066\/revisions"}],"predecessor-version":[{"id":4441,"href":"https:\/\/citydent.ro\/en\/wp-json\/wp\/v2\/pages\/1066\/revisions\/4441"}],"wp:attachment":[{"href":"https:\/\/citydent.ro\/en\/wp-json\/wp\/v2\/media?parent=1066"}],"curies":[{"name":"wp","href":"https:\/\/api.w.org\/{rel}","templated":true}]}}